{"id":151,"date":"2024-03-22T15:54:47","date_gmt":"2024-03-22T13:54:47","guid":{"rendered":"https:\/\/www.hervannanhukat.net\/?page_id=151"},"modified":"2024-03-25T12:45:39","modified_gmt":"2024-03-25T10:45:39","slug":"home-page","status":"publish","type":"page","link":"https:\/\/www.hervannanhukat.net\/en\/","title":{"rendered":"Home page"},"content":{"rendered":"\n\n<div class=\"block-hero full-width id-block\">\n\t<div class=\"container-lg\">\n\t\t<div class=\"row\">\n\t\t\t<div class=\"col\">\n\t\t\t\t<div class=\"flex\">\n\t\t\t\t\t<div class=\"accent desktop\"><\/div>\t\t\t\t\t\n\t\t\t\t\t<div class=\"accent mobile\">\n\t\t\t\t\t\t\t\t\t\t\t\t<div class=\"image-object-fit\">\n\t\t\t\t\t\t\t<img\n\t\t\t\t\t\t\t\tsrc=\"https:\/\/www.hervannanhukat.net\/wp-content\/uploads\/sites\/145\/2024\/03\/cropped-banner-1-1024x431.jpg\"\n\t\t\t\t\t\t\t\talt=\"\"\n\t\t\t\t\t\t\t\t\t\t\t\t\t\t\t\t\twidth=\"840\"\n\t\t\t\t\t\t\t\t\theight=\"354\"\n\t\t\t\t\t\t\t\t\t\t\t\t\t\t\t>\n\t\t\t\t\t\t<\/div>\n\t\t\t\t\t\t\t\t\t\t\t<\/div>\t\t\t\t\t\n\t\t\t\t\t<div class=\"inner-blocks entry-content\">\n\t\t\t\t\t\t\t\t\t\t\t\t\t\n\n<h1 class=\"wp-block-heading\">Hervannan Hukat ry<\/h1>\n\n\n\n<p>Scouting in Hervanta since 1977. Come and join the action!<\/p>\n\n\n\n<div class=\"wp-block-buttons is-layout-flex wp-block-buttons-is-layout-flex\">\n<div class=\"wp-block-button\"><a class=\"wp-block-button__link wp-element-button\" href=\"https:\/\/kuksa.partio.fi\/kotisivut\/jasenyys.aspx?id=9999613\" rel=\"\">Join now<\/a><\/div>\n<\/div>\n\n\n\t\t\t\t\t\t\t\t\t\t\t<\/div>\n\t\t\t\t<\/div>\n\t\t\t<\/div>\n\t\t<\/div>\n\t<\/div>\t\n\n\t\t\t\n<\/div>\n\n\n\n\n<div class=\"block-content full-width id-block\">\n\t<div class=\"container-lg\">\n\t\t<div class=\"row justify-content-center\">\n\t\t\t<div class=\"col col-12 col-md-10 col-xxl-6\">\t\t\t\n\t\t\t\t<div class=\"inner-blocks entry-content\">\n\t\t\t\t\t\t\t\t\t\t\t\n\n<h2 class=\"wp-block-heading is-style-secondary\">Local group<\/h2>\n\n\n\n<p>The Hervannan Hukat  (HeHu) has been active in the Hervanta area since 1977. The weekly meetings of the groups form the basis of the varied activities of our group. On excursions, camps and various events, our members can develop themselves and their skills, have fun with their fellow scouts and enjoy wonderful experiences in the bosom of nature.<\/p>\n\n\n\t\t\t\t\t\t\t\t\n\t\t\t\t<\/div>\n\t\t\t<\/div>\n\t\t<\/div>\n\t<\/div>\t\n\t\t\t\t\t<svg class=\"figure cross\" xmlns=\"http:\/\/www.w3.org\/2000\/svg\" width=\"107\" height=\"47.043\" viewBox=\"0 0 107 47.043\">\n\t\t    <g>\n\t\t        <path d=\"M29.916 6.541L23.349 0l-8.39 8.417L6.541 0 0 6.541l8.39 8.417L0 23.375l6.541 6.541 8.417-8.39 8.39 8.39 6.568-6.541-8.416-8.417z\" transform=\"rotate(-90 23.522 23.521) translate(17.127)\"\/>\n\t\t        <path d=\"M15.253 11.446A24.159 24.159 0 0 1 9.034 0L0 2.064a33.488 33.488 0 0 0 8.632 15.87l.08.08s.617.617 1.474 1.662l7.238-5.79c-1.099-1.341-1.93-2.198-2.171-2.44z\" transform=\"rotate(-90 23.522 23.521) translate(.429 60.519)\"\/>\n\t\t        <path d=\"M16.218 6.648L9.758 0A33.429 33.429 0 0 0 0 18.738l9.141 1.474a23.953 23.953 0 0 1 7.077-13.564z\" transform=\"rotate(-90 23.522 23.521) translate(0 30.828)\"\/>\n\t\t        <path d=\"M.161 3.163A21.712 21.712 0 0 1 1.5 10.481 19.441 19.441 0 0 1 0 17.907l8.578 3.538a28.792 28.792 0 0 0 2.2-10.964A30.739 30.739 0 0 0 8.873 0z\" transform=\"rotate(-90 23.522 23.521) translate(15.285 85.555)\"\/>\n\t\t    <\/g>\n\t\t<\/svg>\n\t\t\t<\/div>\n\n\n\n\n<div class=\"block-latest-articles has-bg has-partial-bg full-width id-block\">\n\t<div class=\"accent\"><\/div>\n\t<div class=\"container-lg\">\n\t\t<div class=\"row\">\n\t\t\t<div class=\"col\">\n\t\t\t\t<h2 class=\"block-title\">News<\/h2>\n\t\t\t<\/div>\n\t\t<\/div>\n\t\t<div class=\"row\">\n\t\t\t\n\t\t\t<div class=\"col col-12 col-md-4\">\n\t\t\t\t\n<div class=\"article-card entry-content\">\n\t<a href=\"https:\/\/www.hervannanhukat.net\/en\/ajankohtaista\/24h-event-2024\/\">\n\t\t<div class=\"image\" aria-label=\"24H-Event - Lue lis\u00e4\u00e4\"><img width=\"840\" height=\"289\" src=\"https:\/\/www.hervannanhukat.net\/wp-content\/uploads\/sites\/145\/2024\/08\/24H-1024x352.png\" class=\"attachment-large size-large\" alt=\"24H-Event - Lue lis\u00e4\u00e4\" loading=\"lazy\" decoding=\"async\" srcset=\"https:\/\/www.hervannanhukat.net\/wp-content\/uploads\/sites\/145\/2024\/08\/24H-1024x352.png 1024w, https:\/\/www.hervannanhukat.net\/wp-content\/uploads\/sites\/145\/2024\/08\/24H-300x103.png 300w, https:\/\/www.hervannanhukat.net\/wp-content\/uploads\/sites\/145\/2024\/08\/24H-768x264.png 768w, https:\/\/www.hervannanhukat.net\/wp-content\/uploads\/sites\/145\/2024\/08\/24H-640x220.png 640w, https:\/\/www.hervannanhukat.net\/wp-content\/uploads\/sites\/145\/2024\/08\/24H-1200x413.png 1200w, https:\/\/www.hervannanhukat.net\/wp-content\/uploads\/sites\/145\/2024\/08\/24H.png 1232w\" sizes=\"auto, (max-width: 709px) 85vw, (max-width: 909px) 67vw, (max-width: 1362px) 62vw, 840px\" \/><\/div>\n\t<\/a>\n\t<div class=\"meta\">\n\t\t<span class=\"date\">Julkaistu 14.8.2024<\/span>\t\n\t<\/div>\n\t<h3 class=\"title\">24H-Event<\/h3>\n\t<a class=\"read-more\" href=\"https:\/\/www.hervannanhukat.net\/en\/ajankohtaista\/24h-event-2024\/\"><span class=\"sr-only\">24H-Event &#8211; <\/span>Lue lis\u00e4\u00e4<\/a>\n<\/div>\n   \n\t\t\t<\/div>\n\n\t\t\t\n\t\t\t<div class=\"col col-12 col-md-4\">\n\t\t\t\t\n<div class=\"article-card entry-content\">\n\t<a href=\"https:\/\/www.hervannanhukat.net\/en\/ajankohtaista\/autumn-term-2024-begins\/\">\n\t\t<div class=\"image\" aria-label=\"Autumn term 2024 begins - Lue lis\u00e4\u00e4\"><img src=\"https:\/\/www.hervannanhukat.net\/wp-content\/themes\/partio\/dist\/images\/partio-article-image-placeholder.png\" alt=\"Autumn term 2024 begins - Lue lis\u00e4\u00e4\" loading=\"lazy\" decoding=\"async\"><\/div>\n\t<\/a>\n\t<div class=\"meta\">\n\t\t<span class=\"date\">Julkaistu 22.7.2024<\/span>\t\n\t<\/div>\n\t<h3 class=\"title\">Autumn term 2024 begins<\/h3>\n\t<a class=\"read-more\" href=\"https:\/\/www.hervannanhukat.net\/en\/ajankohtaista\/autumn-term-2024-begins\/\"><span class=\"sr-only\">Autumn term 2024 begins &#8211; <\/span>Lue lis\u00e4\u00e4<\/a>\n<\/div>\n   \n\t\t\t<\/div>\n\n\t\t\t\t\t<\/div>\n\t<\/div>\t\n<\/div>\n\n\n\n\n<div class=\"block-image-beside-content full-width id-block\">\n\t<div class=\"container-lg\">\n\t\t<div class=\"row\">\n\t\t\t<div class=\"col col-12 col-lg-6\">\n\t\t\t\t<div class=\"align-image\">\n\t\t\t\t\t\t\t\t\t\t<a class=\"image-link\" href=\"\" target=\"\">\n\t\t\t\t\t\t<div class=\"image\" aria-label=\"Tietoa lippukunnasta\">\n\t\t\t\t\t\t\t\t\t\t\t\t\t<\/div>\n\t\t\t\t\t<\/a>\n\t\t\t\t\t\t\t\t\t<\/div>\n\t\t\t<\/div>\n\t\t\t<div class=\"col col-12 col-lg-6\">\n\t\t\t\t<div class=\"align-content\">\n\t\t\t\t\t<div class=\"inner-blocks entry-content\">\n\t\t\t\t\t\t\t\t\t\t\t\t\t\n\n<h2 class=\"wp-block-heading\">Event calender<\/h2>\n\n\n\n<p>See upcoming events in the events calendar<\/p>\n\n\n\t\t\t\t\t\t\t\t\t\t\t<\/div>\n\t\t\t\t\t\t\t\t\t\t\t<div>\n\t\t\t\t\t\t\t<a class=\"read-more button\" href=\"\" target=\"\">Tietoa lippukunnasta<\/a>\n\t\t\t\t\t\t<\/div>\n\t\t\t\t\t\t\t\t\t<\/div>\n\t\t\t<\/div>\n\t\t<\/div>\n\t<\/div>\t\n<\/div>\n\n\n\n\n<div class=\"block-image-beside-content full-width id-block image-on-right\">\n\t<div class=\"container-lg\">\n\t\t<div class=\"row\">\n\t\t\t<div class=\"col col-12 col-lg-6 order-lg-2\">\n\t\t\t\t<div class=\"align-image\">\n\t\t\t\t\t\t\t\t\t\t<a class=\"image-link\" href=\"\" target=\"\">\n\t\t\t\t\t\t<div class=\"image\" aria-label=\"Tietoa lippukunnasta\">\n\t\t\t\t\t\t\t\t\t\t\t\t\t<\/div>\n\t\t\t\t\t<\/a>\n\t\t\t\t\t\t\t\t\t<\/div>\n\t\t\t<\/div>\n\t\t\t<div class=\"col col-12 col-lg-6\">\n\t\t\t\t<div class=\"align-content\">\n\t\t\t\t\t<div class=\"inner-blocks entry-content\">\n\t\t\t\t\t\t\t\t\t\t\t\t\t\n\n<h2 class=\"wp-block-heading\">Sis\u00e4lt\u00f6noston otsikko lorem ipsum dolor sit <\/h2>\n\n\n\n<p>Leip\u00e4teksti P lorem ipsum dolor sit amet, consectetur adipiscing elit, sed do eiusmod tempor incididunt ut labore et dolore magna aliqua. Ut enim ad minim veniam, quis nostrud exercitation ullamco laboris nisi ut.<\/p>\n\n\n\t\t\t\t\t\t\t\t\t\t\t<\/div>\n\t\t\t\t\t\t\t\t\t\t\t<div>\n\t\t\t\t\t\t\t<a class=\"read-more button\" href=\"\" target=\"\">Tietoa lippukunnasta<\/a>\n\t\t\t\t\t\t<\/div>\n\t\t\t\t\t\t\t\t\t<\/div>\n\t\t\t<\/div>\n\t\t<\/div>\n\t<\/div>\t\n<\/div>\n\n\n\n\n<div class=\"block-social-feed full-width has-bg id-block admin\">\n\t<div class=\"container-lg\">\n\t\t<div class=\"row\">\n\t\t\t<div class=\"col\">\n\t\t\t\t<h2 class=\"block-title\">In social media<\/h2>\n\t\t\t<\/div>\n\t\t<\/div>\n\t\t<div class=\"row\">\n\t\t\t<div class=\"col\">\n\t\t\t\t\t\t\t\t<script src=\"https:\/\/assets.juicer.io\/embed.js\" type=\"text\/javascript\"><\/script>\n\t\t\t\t<link href=\"https:\/\/assets.juicer.io\/embed.css\" media=\"all\" rel=\"stylesheet\" type=\"text\/css\" \/>\n\t\t\t\t<ul class=\"juicer-feed\" data-feed-id=\"hervannanhukat\" data-overlay=\"false\" data-style=\"modern\" data-after=\"custom_juicer()\" data-gutter=\"48\" data-per=\"6\"><h1 class=\"referral\"><a href=\"https:\/\/www.juicer.io\">Powered by Juicer.io<\/a><\/h1><\/ul>\n\t\t\t\t<script>\n\t\t\t\t\tconst $ = window.jQuery;\n\n\t\t\t\t\t\/\/Change button language\t\n\t\t\t\t\tdocument.addEventListener('juicer:feedLoaded', () => {\n\t\t\t\t\t\tconst moreButtonText = \"N\u00e4yt\u00e4 lis\u00e4\u00e4\";\n\n\t\t\t\t\t\tsetInterval(() => {\n\t\t\t\t\t\t\tconst btn = document.querySelector('.j-paginate');\n\t\t\t\t\t\t\tif (btn) btn.textContent = moreButtonText;\n\t\t\t\t\t\t}, 500);\n\t\t\t\t\t});\n\n\t\t\t\t\tfunction custom_juicer() {\n\t\t\t\t\t\t$('.block-social-feed .juicer-feed .feed-item').each(function(e) {\n\t\t\t\t\t\t\t\/\/console.log($(this));\n\n\t\t\t\t\t\t\tif($(this).find('.j-image').length !== 0) {\n\t\t\t\t\t\t\t\t$(this).data('image', $(this).find('.j-image').data('image'));\n\t\t\t\t\t\t\t\t$(this).data('image-link', $(this).find('.j-image').attr('href'));\n\t\t\t\t\t\t\t}\n\n\t\t\t\t\t\t\tif($(this).find('.j-text').length !== 0) {\n\t\t\t\t\t\t\t\t$(this).data('message', JSON.stringify($(this).find('.j-message').html()));\n\t\t\t\t\t\t\t\t$(this).data('alt', JSON.stringify($(this).find('.j-message').text()));\n\t\t\t\t\t\t\t\t$(this).data('socialmedia', $(this).find('.j-social').attr('aria-label'));\n\t\t\t\t\t\t\t}\n\n\t\t\t\t\t\t\tif($(this).find('.j-poster').length !== 0) {\n\t\t\t\t\t\t\t\t$(this).data('poster-thumb', $(this).find('.j-poster img').data('lazy'));\n\t\t\t\t\t\t\t\t$(this).data('poster-link', $(this).find('.j-poster a').attr('href'));\n\t\t\t\t\t\t\t\t$(this).data('poster-name', JSON.stringify($(this).find('.j-poster h3').html()));\n\t\t\t\t\t\t\t\t$(this).data('date', JSON.stringify($(this).find('.j-date').html()));\n\t\t\t\t\t\t\t}\n\n\t\t\t\t\t\t\tlet juicer_item = '<div class=\"card\">';\t\t\t\t\t\t\t\n\n\t\t\t\t\t\t\tif($(this).data('image') !== undefined) {\n\t\t\t\t\t\t\t\tjuicer_item += '<a target=\"_blank\" rel=\"no-referer\" href=\"' + $(this).data('image-link') + '\"><img decoding=\"async\" class=\"thumbnail\" src=\"' + $(this).data('image') + '\" alt=\"' + JSON.parse($(this).data('alt')) + '\"><\/a>';\n\t\t\t\t\t\t\t} else {\n\t\t\t\t\t\t\t\tjuicer_item += '<div class=\"no-image\"><\/div>';\n\t\t\t\t\t\t\t}\n\n\t\t\t\t\t\t\tjuicer_item += '<div class=\"content\">';\n\t\t\t\t\t\t\tif($(this).data('message') !== undefined) {\n\t\t\t\t\t\t\t\tjuicer_item += '<div class=\"excerpt\">' + JSON.parse($(this).data('message')) + '<\/div>';\n\t\t\t\t\t\t\t}\n\t\t\t\t\t\t\tjuicer_item += '<div class=\"user\">';\n\t\t\t\t\t\t\tif($(this).data('poster-thumb') !== undefined) {\n\t\t\t\t\t\t\t\tjuicer_item += '<img decoding=\"async\" class=\"poster-thumb\" src=\"' + $(this).data('poster-thumb') + '\" alt=\"\">';\n\t\t\t\t\t\t\t}\n\t\t\t\t\t\t\tjuicer_item += '<div class=\"user-meta\">';\n\t\t\t\t\t\t\tjuicer_item += '<div><a target=\"_blank\" rel=\"no-referer\" href=\"' + $(this).data('poster-link') + '\" class=\"username\">' + JSON.parse($(this).data('poster-name')) + '<\/a><\/div>';\n\t\t\t\t\t\t\tjuicer_item += '<p class=\"time\">' + JSON.parse($(this).data('date')) + '<\/p>';\n\t\t\t\t\t\t\tjuicer_item += '<\/div>'; \/\/user-meta\n\t\t\t\t\t\t\tjuicer_item += '<\/div>'; \/\/user\n\t\t\t\t\t\t\tjuicer_item += '<\/div>'; \/\/content\n\t\t\t\t\t\t\tjuicer_item += '<div class=\"socialmedia\">' + $(this).data('socialmedia') + '<\/div>';\n\t\t\t\t\t\t\tjuicer_item += '<\/div>'; \/\/card\n\n\n\t\t\t\t\t\t\t\/\/Replace card html\n\t\t\t\t\t\t\t$(this).html(juicer_item);\n\t\t\t\t\t\t});\n\n\t\t\t\t\t\t$('.block-social-feed .j-paginate').on('click', function(e) {\n\t\t\t\t\t\t\t$(this).closest('.juicer-feed').addClass('more');\n\t\t\t\t\t\t});\n\t\t\t\t\t}\n\t\t\t\t<\/script>\n\t\t\t\t\t\t\t<\/div>\n\t\t<\/div>\n\t<\/div>\t\n<\/div>\n","protected":false},"excerpt":{"rendered":"","protected":false},"author":307,"featured_media":0,"parent":0,"menu_order":0,"comment_status":"closed","ping_status":"closed","template":"","meta":{"_acf_changed":false,"footnotes":""},"class_list":["post-151","page","type-page","status-publish","hentry"],"acf":[],"yoast_head":"<!-- This site is optimized with the Yoast SEO plugin v27.4 - https:\/\/yoast.com\/product\/yoast-seo-wordpress\/ -->\n<title>Home page - Hervannan Hukat ry<\/title>\n<meta name=\"robots\" content=\"index, follow, max-snippet:-1, max-image-preview:large, max-video-preview:-1\" \/>\n<link rel=\"canonical\" href=\"https:\/\/www.hervannanhukat.net\/en\/\" \/>\n<meta property=\"og:locale\" content=\"en_US\" \/>\n<meta property=\"og:type\" content=\"article\" \/>\n<meta property=\"og:title\" content=\"Home page - Hervannan Hukat ry\" \/>\n<meta property=\"og:url\" content=\"https:\/\/www.hervannanhukat.net\/en\/\" \/>\n<meta property=\"og:site_name\" content=\"Hervannan Hukat ry\" \/>\n<meta property=\"article:modified_time\" content=\"2024-03-25T10:45:39+00:00\" \/>\n<meta name=\"twitter:card\" content=\"summary_large_image\" \/>\n<meta name=\"twitter:label1\" content=\"Est. reading time\" \/>\n\t<meta name=\"twitter:data1\" content=\"2 minutes\" \/>\n<script type=\"application\/ld+json\" class=\"yoast-schema-graph\">{\"@context\":\"https:\\\/\\\/schema.org\",\"@graph\":[{\"@type\":\"WebPage\",\"@id\":\"https:\\\/\\\/www.hervannanhukat.net\\\/en\\\/\",\"url\":\"https:\\\/\\\/www.hervannanhukat.net\\\/en\\\/\",\"name\":\"Home page - Hervannan Hukat ry\",\"isPartOf\":{\"@id\":\"https:\\\/\\\/www.hervannanhukat.net\\\/#website\"},\"datePublished\":\"2024-03-22T13:54:47+00:00\",\"dateModified\":\"2024-03-25T10:45:39+00:00\",\"breadcrumb\":{\"@id\":\"https:\\\/\\\/www.hervannanhukat.net\\\/en\\\/#breadcrumb\"},\"inLanguage\":\"en-US\",\"potentialAction\":[{\"@type\":\"ReadAction\",\"target\":[\"https:\\\/\\\/www.hervannanhukat.net\\\/en\\\/\"]}]},{\"@type\":\"BreadcrumbList\",\"@id\":\"https:\\\/\\\/www.hervannanhukat.net\\\/en\\\/#breadcrumb\",\"itemListElement\":[{\"@type\":\"ListItem\",\"position\":1,\"name\":\"Etusivu\",\"item\":\"https:\\\/\\\/www.hervannanhukat.net\\\/en\\\/\"},{\"@type\":\"ListItem\",\"position\":2,\"name\":\"Home page\"}]},{\"@type\":\"WebSite\",\"@id\":\"https:\\\/\\\/www.hervannanhukat.net\\\/#website\",\"url\":\"https:\\\/\\\/www.hervannanhukat.net\\\/\",\"name\":\"Hervannan Hukat ry\",\"description\":\"Hervantalaista partiotoimintaa jo vuodesta 1977.\",\"publisher\":{\"@id\":\"https:\\\/\\\/www.hervannanhukat.net\\\/#organization\"},\"potentialAction\":[{\"@type\":\"SearchAction\",\"target\":{\"@type\":\"EntryPoint\",\"urlTemplate\":\"https:\\\/\\\/www.hervannanhukat.net\\\/?s={search_term_string}\"},\"query-input\":{\"@type\":\"PropertyValueSpecification\",\"valueRequired\":true,\"valueName\":\"search_term_string\"}}],\"inLanguage\":\"en-US\"},{\"@type\":\"Organization\",\"@id\":\"https:\\\/\\\/www.hervannanhukat.net\\\/#organization\",\"name\":\"Hervannan Hukat ry\",\"url\":\"https:\\\/\\\/www.hervannanhukat.net\\\/\",\"logo\":{\"@type\":\"ImageObject\",\"inLanguage\":\"en-US\",\"@id\":\"https:\\\/\\\/www.hervannanhukat.net\\\/#\\\/schema\\\/logo\\\/image\\\/\",\"url\":\"https:\\\/\\\/www.hervannanhukat.net\\\/wp-content\\\/uploads\\\/sites\\\/145\\\/2024\\\/03\\\/cropped-logo200x-1.png\",\"contentUrl\":\"https:\\\/\\\/www.hervannanhukat.net\\\/wp-content\\\/uploads\\\/sites\\\/145\\\/2024\\\/03\\\/cropped-logo200x-1.png\",\"width\":240,\"height\":240,\"caption\":\"Hervannan Hukat ry\"},\"image\":{\"@id\":\"https:\\\/\\\/www.hervannanhukat.net\\\/#\\\/schema\\\/logo\\\/image\\\/\"}}]}<\/script>\n<!-- \/ Yoast SEO plugin. -->","yoast_head_json":{"title":"Home page - Hervannan Hukat ry","robots":{"index":"index","follow":"follow","max-snippet":"max-snippet:-1","max-image-preview":"max-image-preview:large","max-video-preview":"max-video-preview:-1"},"canonical":"https:\/\/www.hervannanhukat.net\/en\/","og_locale":"en_US","og_type":"article","og_title":"Home page - Hervannan Hukat ry","og_url":"https:\/\/www.hervannanhukat.net\/en\/","og_site_name":"Hervannan Hukat ry","article_modified_time":"2024-03-25T10:45:39+00:00","twitter_card":"summary_large_image","twitter_misc":{"Est. reading time":"2 minutes"},"schema":{"@context":"https:\/\/schema.org","@graph":[{"@type":"WebPage","@id":"https:\/\/www.hervannanhukat.net\/en\/","url":"https:\/\/www.hervannanhukat.net\/en\/","name":"Home page - Hervannan Hukat ry","isPartOf":{"@id":"https:\/\/www.hervannanhukat.net\/#website"},"datePublished":"2024-03-22T13:54:47+00:00","dateModified":"2024-03-25T10:45:39+00:00","breadcrumb":{"@id":"https:\/\/www.hervannanhukat.net\/en\/#breadcrumb"},"inLanguage":"en-US","potentialAction":[{"@type":"ReadAction","target":["https:\/\/www.hervannanhukat.net\/en\/"]}]},{"@type":"BreadcrumbList","@id":"https:\/\/www.hervannanhukat.net\/en\/#breadcrumb","itemListElement":[{"@type":"ListItem","position":1,"name":"Etusivu","item":"https:\/\/www.hervannanhukat.net\/en\/"},{"@type":"ListItem","position":2,"name":"Home page"}]},{"@type":"WebSite","@id":"https:\/\/www.hervannanhukat.net\/#website","url":"https:\/\/www.hervannanhukat.net\/","name":"Hervannan Hukat ry","description":"Hervantalaista partiotoimintaa jo vuodesta 1977.","publisher":{"@id":"https:\/\/www.hervannanhukat.net\/#organization"},"potentialAction":[{"@type":"SearchAction","target":{"@type":"EntryPoint","urlTemplate":"https:\/\/www.hervannanhukat.net\/?s={search_term_string}"},"query-input":{"@type":"PropertyValueSpecification","valueRequired":true,"valueName":"search_term_string"}}],"inLanguage":"en-US"},{"@type":"Organization","@id":"https:\/\/www.hervannanhukat.net\/#organization","name":"Hervannan Hukat ry","url":"https:\/\/www.hervannanhukat.net\/","logo":{"@type":"ImageObject","inLanguage":"en-US","@id":"https:\/\/www.hervannanhukat.net\/#\/schema\/logo\/image\/","url":"https:\/\/www.hervannanhukat.net\/wp-content\/uploads\/sites\/145\/2024\/03\/cropped-logo200x-1.png","contentUrl":"https:\/\/www.hervannanhukat.net\/wp-content\/uploads\/sites\/145\/2024\/03\/cropped-logo200x-1.png","width":240,"height":240,"caption":"Hervannan Hukat ry"},"image":{"@id":"https:\/\/www.hervannanhukat.net\/#\/schema\/logo\/image\/"}}]}},"_links":{"self":[{"href":"https:\/\/www.hervannanhukat.net\/en\/wp-json\/wp\/v2\/pages\/151","targetHints":{"allow":["GET"]}}],"collection":[{"href":"https:\/\/www.hervannanhukat.net\/en\/wp-json\/wp\/v2\/pages"}],"about":[{"href":"https:\/\/www.hervannanhukat.net\/en\/wp-json\/wp\/v2\/types\/page"}],"author":[{"embeddable":true,"href":"https:\/\/www.hervannanhukat.net\/en\/wp-json\/wp\/v2\/users\/307"}],"replies":[{"embeddable":true,"href":"https:\/\/www.hervannanhukat.net\/en\/wp-json\/wp\/v2\/comments?post=151"}],"version-history":[{"count":2,"href":"https:\/\/www.hervannanhukat.net\/en\/wp-json\/wp\/v2\/pages\/151\/revisions"}],"predecessor-version":[{"id":158,"href":"https:\/\/www.hervannanhukat.net\/en\/wp-json\/wp\/v2\/pages\/151\/revisions\/158"}],"wp:attachment":[{"href":"https:\/\/www.hervannanhukat.net\/en\/wp-json\/wp\/v2\/media?parent=151"}],"curies":[{"name":"wp","href":"https:\/\/api.w.org\/{rel}","templated":true}]}}